{"id":274,"date":"2023-07-12T08:35:05","date_gmt":"2023-07-12T01:35:05","guid":{"rendered":"https:\/\/www.thailawonline.com\/thailand-commercial-and-civil-code\/"},"modified":"2026-04-12T00:05:15","modified_gmt":"2026-04-11T17:05:15","slug":"thailand-commercial-and-civil-code","status":"publish","type":"page","link":"https:\/\/www.thailawonline.com\/th\/thailand-commercial-and-civil-code\/","title":{"rendered":"\u0e1b\u0e23\u0e30\u0e21\u0e27\u0e25\u0e01\u0e0e\u0e2b\u0e21\u0e32\u0e22\u0e1e\u0e32\u0e13\u0e34\u0e0a\u0e22\u0e4c\u0e41\u0e25\u0e30\u0e41\u0e1e\u0e48\u0e07\u0e02\u0e2d\u0e07\u0e1b\u0e23\u0e30\u0e40\u0e17\u0e28\u0e44\u0e17\u0e22"},"content":{"rendered":"<div class=\"wp-block-image\">\n<figure class=\"aligncenter size-full\"><img loading=\"lazy\" decoding=\"async\" src=\"https:\/\/www.thailawonline.com\/wp-content\/uploads\/2023\/07\/Thailand-Commercial-and-Civil-Code.jpeg\" alt=\"Thailand Commercial and Civil Code\" class=\"wp-image-4273 tlo-responsive-img\"\/><figcaption class=\"wp-element-caption\">Thailand Commercial and Civil Code<\/figcaption><\/figure>\n<\/div>\n<p><!-- Start: Civil Code Landing Page --><\/p>\n<div id=\"civil-code-landing-container\">\n<style>\n        #civil-code-landing-container { font-family: 'Roboto', 'Sarabun', sans-serif; background-color: #ffffff; color: #333; line-height: 1.6; padding: 2rem 1rem; }\n        .language-switcher-container { text-align: center; margin-bottom: 2.5rem; }\n        .language-switcher-container button { background: #e9ecef; border: 1px solid #ccc; color: #003366; padding: 0.6rem 1.2rem; margin: 0 0.3rem; cursor: pointer; border-radius: 20px; transition: all 0.3s; font-weight: bold; }\n        .language-switcher-container button:hover { background-color: #d4af37; }\n        .language-switcher-container button.active { background-color: #003366; color: #ffffff; border-color: #003366; }\n        .intro-text { text-align: center; margin-bottom: 3rem; max-width: 800px; margin-left: auto; margin-right: auto; }\n        .intro-text h2 { color: #003366; font-family: 'Sarabun', sans-serif; font-size: 2.2rem; }\n        .intro-text p { font-size: 1.1rem; color: #555; }\n        .book-grid { display: grid; grid-template-columns: repeat(auto-fit, minmax(300px, 1fr)); gap: 2rem; }\n        .book-card { display: block; text-decoration: none; background: #ffffff; border-radius: 10px; box-shadow: 0 4px 15px rgba(0,0,0,0.1); padding: 1.5rem; transition: transform 0.3s, box-shadow 0.3s; border-left: 5px solid #003366; }\n        .book-card:hover { transform: translateY(-5px); box-shadow: 0 8px 20px rgba(0,0,0,0.15); }\n        .book-card h3 { margin-top: 0; color: #003366; font-family: 'Sarabun', sans-serif; }\n        .book-card p { margin-bottom: 0; color: #333; }\n        .ccc-disclaimer { max-width: 800px; margin: 4rem auto 0 auto; text-align: center; font-size: 0.9rem; color: #777; }\n        [data-lang] { display: none; }\n    <\/style>\n<div class=\"language-switcher-container\">\n        <button id=\"lang-en-main\" onclick=\"landingPageApp.changeLanguage('en')\">English<\/button><br \/>\n        <button id=\"lang-th-main\" onclick=\"landingPageApp.changeLanguage('th')\">\u0e44\u0e17\u0e22<\/button><br \/>\n        <button id=\"lang-fr-main\" onclick=\"landingPageApp.changeLanguage('fr')\">Fran\u00e7ais<\/button>\n    <\/div>\n<div class=\"intro-text\">\n<h2 data-lang=\"en\">The Civil and Commercial Code of Thailand<\/h2>\n<h2 data-lang=\"th\">\u0e1b\u0e23\u0e30\u0e21\u0e27\u0e25\u0e01\u0e0e\u0e2b\u0e21\u0e32\u0e22\u0e41\u0e1e\u0e48\u0e07\u0e41\u0e25\u0e30\u0e1e\u0e32\u0e13\u0e34\u0e0a\u0e22\u0e4c\u0e41\u0e2b\u0e48\u0e07\u0e1b\u0e23\u0e30\u0e40\u0e17\u0e28\u0e44\u0e17\u0e22<\/h2>\n<h2 data-lang=\"fr\">Code Civil et Commercial de la Tha\u00eflande<\/h2>\n<p data-lang=\"en\">This is your central hub for exploring the Thai Civil and Commercial Code, the cornerstone of Thailand&#8217;s private law. This legal framework governs everything from personal rights and contracts to property, family matters, and inheritance. Select a book below to begin your detailed exploration.<\/p>\n<p data-lang=\"th\">\u0e19\u0e35\u0e48\u0e04\u0e37\u0e2d\u0e28\u0e39\u0e19\u0e22\u0e4c\u0e01\u0e25\u0e32\u0e07\u0e2a\u0e33\u0e2b\u0e23\u0e31\u0e1a\u0e01\u0e32\u0e23\u0e2a\u0e33\u0e23\u0e27\u0e08\u0e1b\u0e23\u0e30\u0e21\u0e27\u0e25\u0e01\u0e0e\u0e2b\u0e21\u0e32\u0e22\u0e41\u0e1e\u0e48\u0e07\u0e41\u0e25\u0e30\u0e1e\u0e32\u0e13\u0e34\u0e0a\u0e22\u0e4c\u0e02\u0e2d\u0e07\u0e44\u0e17\u0e22 \u0e0b\u0e36\u0e48\u0e07\u0e40\u0e1b\u0e47\u0e19\u0e23\u0e32\u0e01\u0e10\u0e32\u0e19\u0e17\u0e35\u0e48\u0e2a\u0e33\u0e04\u0e31\u0e0d\u0e02\u0e2d\u0e07\u0e01\u0e0e\u0e2b\u0e21\u0e32\u0e22\u0e40\u0e2d\u0e01\u0e0a\u0e19\u0e43\u0e19\u0e1b\u0e23\u0e30\u0e40\u0e17\u0e28\u0e44\u0e17\u0e22 \u0e01\u0e23\u0e2d\u0e1a\u0e01\u0e0e\u0e2b\u0e21\u0e32\u0e22\u0e19\u0e35\u0e49\u0e04\u0e23\u0e2d\u0e1a\u0e04\u0e25\u0e38\u0e21\u0e17\u0e38\u0e01\u0e2d\u0e22\u0e48\u0e32\u0e07\u0e15\u0e31\u0e49\u0e07\u0e41\u0e15\u0e48\u0e2a\u0e34\u0e17\u0e18\u0e34\u0e2a\u0e48\u0e27\u0e19\u0e1a\u0e38\u0e04\u0e04\u0e25\u0e41\u0e25\u0e30\u0e2a\u0e31\u0e0d\u0e0d\u0e32 \u0e44\u0e1b\u0e08\u0e19\u0e16\u0e36\u0e07\u0e17\u0e23\u0e31\u0e1e\u0e22\u0e4c\u0e2a\u0e34\u0e19 \u0e01\u0e34\u0e08\u0e01\u0e32\u0e23\u0e43\u0e19\u0e04\u0e23\u0e2d\u0e1a\u0e04\u0e23\u0e31\u0e27 \u0e41\u0e25\u0e30\u0e21\u0e23\u0e14\u0e01 \u0e40\u0e25\u0e37\u0e2d\u0e01\u0e1a\u0e23\u0e23\u0e1e\u0e14\u0e49\u0e32\u0e19\u0e25\u0e48\u0e32\u0e07\u0e40\u0e1e\u0e37\u0e48\u0e2d\u0e40\u0e23\u0e34\u0e48\u0e21\u0e15\u0e49\u0e19\u0e01\u0e32\u0e23\u0e2a\u0e33\u0e23\u0e27\u0e08\u0e2d\u0e22\u0e48\u0e32\u0e07\u0e25\u0e30\u0e40\u0e2d\u0e35\u0e22\u0e14<\/p>\n<p data-lang=\"fr\">Ceci est votre portail central pour explorer le Code civil et commercial tha\u00eflandais, la pierre angulaire du droit priv\u00e9 en Tha\u00eflande. Ce cadre juridique r\u00e9git tout, des droits personnels et des contrats \u00e0 la propri\u00e9t\u00e9, aux affaires familiales et aux successions. S\u00e9lectionnez un livre ci-dessous pour commencer votre exploration d\u00e9taill\u00e9e.<\/p>\n<\/p><\/div>\n<div class=\"book-grid\" id=\"book-grid-container\">\n        <!-- Book cards will be generated by JavaScript -->\n    <\/div>\n<div class=\"ccc-disclaimer\">\n<p data-lang=\"en\"><strong>Disclaimer:<\/strong> The legal texts provided here are for informational purposes only and do not constitute legal advice. While we strive for accuracy, ThailawOnline does not guarantee that the information is complete or up-to-date. Please consult with a qualified lawyer for any legal issues.<\/p>\n<p data-lang=\"th\"><strong>\u0e02\u0e49\u0e2d\u0e08\u0e33\u0e01\u0e31\u0e14\u0e04\u0e27\u0e32\u0e21\u0e23\u0e31\u0e1a\u0e1c\u0e34\u0e14\u0e0a\u0e2d\u0e1a:<\/strong> \u0e02\u0e49\u0e2d\u0e04\u0e27\u0e32\u0e21\u0e17\u0e32\u0e07\u0e01\u0e0e\u0e2b\u0e21\u0e32\u0e22\u0e17\u0e35\u0e48\u0e43\u0e2b\u0e49\u0e44\u0e27\u0e49\u0e19\u0e35\u0e49\u0e21\u0e35\u0e27\u0e31\u0e15\u0e16\u0e38\u0e1b\u0e23\u0e30\u0e2a\u0e07\u0e04\u0e4c\u0e40\u0e1e\u0e37\u0e48\u0e2d\u0e43\u0e2b\u0e49\u0e02\u0e49\u0e2d\u0e21\u0e39\u0e25\u0e40\u0e17\u0e48\u0e32\u0e19\u0e31\u0e49\u0e19\u0e41\u0e25\u0e30\u0e44\u0e21\u0e48\u0e16\u0e37\u0e2d\u0e40\u0e1b\u0e47\u0e19\u0e04\u0e33\u0e41\u0e19\u0e30\u0e19\u0e33\u0e17\u0e32\u0e07\u0e01\u0e0e\u0e2b\u0e21\u0e32\u0e22 \u0e41\u0e21\u0e49\u0e27\u0e48\u0e32\u0e40\u0e23\u0e32\u0e08\u0e30\u0e1e\u0e22\u0e32\u0e22\u0e32\u0e21\u0e2d\u0e22\u0e48\u0e32\u0e07\u0e40\u0e15\u0e47\u0e21\u0e17\u0e35\u0e48\u0e40\u0e1e\u0e37\u0e48\u0e2d\u0e04\u0e27\u0e32\u0e21\u0e16\u0e39\u0e01\u0e15\u0e49\u0e2d\u0e07 ThailawOnline \u0e44\u0e21\u0e48\u0e23\u0e31\u0e1a\u0e1b\u0e23\u0e30\u0e01\u0e31\u0e19\u0e27\u0e48\u0e32\u0e02\u0e49\u0e2d\u0e21\u0e39\u0e25\u0e08\u0e30\u0e04\u0e23\u0e1a\u0e16\u0e49\u0e27\u0e19\u0e2b\u0e23\u0e37\u0e2d\u0e40\u0e1b\u0e47\u0e19\u0e1b\u0e31\u0e08\u0e08\u0e38\u0e1a\u0e31\u0e19 \u0e42\u0e1b\u0e23\u0e14\u0e1b\u0e23\u0e36\u0e01\u0e29\u0e32\u0e17\u0e19\u0e32\u0e22\u0e04\u0e27\u0e32\u0e21\u0e1c\u0e39\u0e49\u0e17\u0e23\u0e07\u0e04\u0e38\u0e13\u0e27\u0e38\u0e12\u0e34\u0e2a\u0e33\u0e2b\u0e23\u0e31\u0e1a\u0e1b\u0e31\u0e0d\u0e2b\u0e32\u0e17\u0e32\u0e07\u0e01\u0e0e\u0e2b\u0e21\u0e32\u0e22\u0e43\u0e14 \u0e46<\/p>\n<p data-lang=\"fr\"><strong>Avis de non-responsabilit\u00e9 :<\/strong> Les textes juridiques fournis ici sont \u00e0 titre informatif uniquement et ne constituent pas un avis juridique. Bien que nous nous efforcions d&#8217;\u00eatre pr\u00e9cis, ThailawOnline ne garantit pas que les informations sont compl\u00e8tes ou \u00e0 jour. Veuillez consulter un avocat qualifi\u00e9 pour toute question juridique.<\/p>\n<\/p><\/div>\n<p>    <script>\n    const landingPageApp = (function() {\n        const container = document.getElementById('civil-code-landing-container');\n        let currentLang = 'en';\n        const booksData = {\n            \"book1\": { title: { en: \"Book I: General Principles\", th: \"\u0e1a\u0e23\u0e23\u0e1e 1: \u0e2b\u0e25\u0e31\u0e01\u0e17\u0e31\u0e48\u0e27\u0e44\u0e1b\", fr: \"Livre I : Principes G\u00e9n\u00e9raux\" }, description: { en: \"Defines key legal concepts like persons, juristic acts, and prescription.\", th: \"\u0e01\u0e33\u0e2b\u0e19\u0e14\u0e41\u0e19\u0e27\u0e04\u0e34\u0e14\u0e17\u0e32\u0e07\u0e01\u0e0e\u0e2b\u0e21\u0e32\u0e22\u0e17\u0e35\u0e48\u0e2a\u0e33\u0e04\u0e31\u0e0d \u0e40\u0e0a\u0e48\u0e19 \u0e1a\u0e38\u0e04\u0e04\u0e25 \u0e19\u0e34\u0e15\u0e34\u0e01\u0e23\u0e23\u0e21 \u0e41\u0e25\u0e30\u0e2d\u0e32\u0e22\u0e38\u0e04\u0e27\u0e32\u0e21\", fr: \"D\u00e9finit des concepts juridiques cl\u00e9s comme les personnes, les actes juridiques et la prescription.\" }, url: \"\/your-path-to-book-1-page\/\" },\n            \"book2\": { title: { en: \"Book II: Obligations\", th: \"\u0e1a\u0e23\u0e23\u0e1e 2: \u0e2b\u0e19\u0e35\u0e49\", fr: \"Livre II : Obligations\" }, description: { en: \"Covers the sources, effects, and extinction of legal obligations and contracts.\", th: \"\u0e04\u0e23\u0e2d\u0e1a\u0e04\u0e25\u0e38\u0e21\u0e1a\u0e48\u0e2d\u0e40\u0e01\u0e34\u0e14\u0e41\u0e2b\u0e48\u0e07\u0e2b\u0e19\u0e35\u0e49 \u0e1c\u0e25\u0e41\u0e2b\u0e48\u0e07\u0e2b\u0e19\u0e35\u0e49 \u0e41\u0e25\u0e30\u0e04\u0e27\u0e32\u0e21\u0e23\u0e30\u0e07\u0e31\u0e1a\u0e41\u0e2b\u0e48\u0e07\u0e2b\u0e19\u0e35\u0e49\u0e41\u0e25\u0e30\u0e2a\u0e31\u0e0d\u0e0d\u0e32\", fr: \"Couvre les sources, les effets et l'extinction des obligations juridiques et des contrats.\" }, url: \"\/CCCT%20Book%202%20chapter%201.pdf\" },\n            \"book3\": { title: { en: \"Book III: Specific Contracts\", th: \"\u0e1a\u0e23\u0e23\u0e1e 3: \u0e40\u0e2d\u0e01\u0e40\u0e17\u0e28\u0e2a\u0e31\u0e0d\u0e0d\u0e32\", fr: \"Livre III : Contrats Sp\u00e9cifiques\" }, description: { en: \"Details specific contracts such as sale, hire, loans, and partnerships.\", th: \"\u0e43\u0e2b\u0e49\u0e23\u0e32\u0e22\u0e25\u0e30\u0e40\u0e2d\u0e35\u0e22\u0e14\u0e40\u0e01\u0e35\u0e48\u0e22\u0e27\u0e01\u0e31\u0e1a\u0e2a\u0e31\u0e0d\u0e0d\u0e32\u0e40\u0e09\u0e1e\u0e32\u0e30\u0e1b\u0e23\u0e30\u0e40\u0e20\u0e17 \u0e40\u0e0a\u0e48\u0e19 \u0e01\u0e32\u0e23\u0e0b\u0e37\u0e49\u0e2d\u0e02\u0e32\u0e22 \u0e01\u0e32\u0e23\u0e40\u0e0a\u0e48\u0e32 \u0e01\u0e32\u0e23\u0e01\u0e39\u0e49\u0e22\u0e37\u0e21 \u0e41\u0e25\u0e30\u0e2b\u0e49\u0e32\u0e07\u0e2b\u0e38\u0e49\u0e19\u0e2a\u0e48\u0e27\u0e19\", fr: \"D\u00e9taille les contrats sp\u00e9cifiques tels que la vente, la location, les pr\u00eats et les soci\u00e9t\u00e9s.\" }, url: \"\/documents\/CCCT%20Book%203%20FULL.pdf\" },\n            \"book4\": { title: { en: \"Book IV: Property\", th: \"\u0e1a\u0e23\u0e23\u0e1e 4: \u0e17\u0e23\u0e31\u0e1e\u0e22\u0e4c\u0e2a\u0e34\u0e19\", fr: \"Livre IV : Propri\u00e9t\u00e9\" }, description: { en: \"Governs property rights, ownership, possession, and real rights like usufruct.\", th: \"\u0e04\u0e27\u0e1a\u0e04\u0e38\u0e21\u0e2a\u0e34\u0e17\u0e18\u0e34\u0e43\u0e19\u0e17\u0e23\u0e31\u0e1e\u0e22\u0e4c\u0e2a\u0e34\u0e19 \u0e04\u0e27\u0e32\u0e21\u0e40\u0e1b\u0e47\u0e19\u0e40\u0e08\u0e49\u0e32\u0e02\u0e2d\u0e07 \u0e01\u0e32\u0e23\u0e04\u0e23\u0e2d\u0e1a\u0e04\u0e23\u0e2d\u0e07 \u0e41\u0e25\u0e30\u0e2a\u0e34\u0e17\u0e18\u0e34\u0e15\u0e48\u0e32\u0e07\u0e46 \u0e40\u0e0a\u0e48\u0e19 \u0e2a\u0e34\u0e17\u0e18\u0e34\u0e40\u0e01\u0e47\u0e1a\u0e01\u0e34\u0e19\", fr: \"R\u00e9git les droits de propri\u00e9t\u00e9, la possession et les droits r\u00e9els comme l'usufruit.\" }, url: \"\/documents\/CCCT%20Book%204%20FULL.pdf\" },\n            \"book5\": { title: { en: \"Book V: Family\", th: \"\u0e1a\u0e23\u0e23\u0e1e 5: \u0e04\u0e23\u0e2d\u0e1a\u0e04\u0e23\u0e31\u0e27\", fr: \"Livre V : Famille\" }, description: { en: \"Regulates all aspects of family law, including marriage, divorce, and adoption.\", th: \"\u0e04\u0e27\u0e1a\u0e04\u0e38\u0e21\u0e17\u0e38\u0e01\u0e14\u0e49\u0e32\u0e19\u0e02\u0e2d\u0e07\u0e01\u0e0e\u0e2b\u0e21\u0e32\u0e22\u0e04\u0e23\u0e2d\u0e1a\u0e04\u0e23\u0e31\u0e27 \u0e23\u0e27\u0e21\u0e16\u0e36\u0e07\u0e01\u0e32\u0e23\u0e2a\u0e21\u0e23\u0e2a \u0e01\u0e32\u0e23\u0e2b\u0e22\u0e48\u0e32 \u0e41\u0e25\u0e30\u0e01\u0e32\u0e23\u0e23\u0e31\u0e1a\u0e1a\u0e38\u0e15\u0e23\u0e1a\u0e38\u0e0d\u0e18\u0e23\u0e23\u0e21\", fr: \"R\u00e9glemente tous les aspects du droit de la famille, y compris le mariage, le divorce et l'adoption.\" }, url: \"\/documents\/CCCT%20Book%205%20FULL.pdf\" },\n            \"book6\": { title: { en: \"Book VI: Succession\", th: \"\u0e1a\u0e23\u0e23\u0e1e 6: \u0e21\u0e23\u0e14\u0e01\", fr: \"Livre VI : Succession\" }, description: { en: \"Outlines the laws of inheritance, covering wills and statutory heirs.\", th: \"\u0e2a\u0e23\u0e38\u0e1b\u0e01\u0e0e\u0e2b\u0e21\u0e32\u0e22\u0e21\u0e23\u0e14\u0e01 \u0e04\u0e23\u0e2d\u0e1a\u0e04\u0e25\u0e38\u0e21\u0e40\u0e23\u0e37\u0e48\u0e2d\u0e07\u0e1e\u0e34\u0e19\u0e31\u0e22\u0e01\u0e23\u0e23\u0e21\u0e41\u0e25\u0e30\u0e17\u0e32\u0e22\u0e32\u0e17\u0e42\u0e14\u0e22\u0e18\u0e23\u0e23\u0e21\", fr: \"D\u00e9crit les lois sur les successions, couvrant les testaments et les h\u00e9ritiers l\u00e9gaux.\" }, url: \"\/documents\/CCCT%20Book%206%20FULL.pdf\" }\n        };<\/p>\n<p>        function render() {\n            const gridContainer = container.querySelector('#book-grid-container');\n            gridContainer.innerHTML = '';\n            for (const bookId in booksData) {\n                const book = booksData[bookId];\n                const card = document.createElement('a');\n                card.className = 'book-card';\n                card.href = book.url;\n                let titleHtml = '', descHtml = '';\n                ['en', 'th', 'fr'].forEach(lang => {\n                    titleHtml += `<\/p>\n<h3 data-lang=\"${lang}\">${book.title[lang]}<\/h3>\n<p>`;\n                    descHtml += `<\/p>\n<p data-lang=\"${lang}\">${book.description[lang]}<\/p>\n<p>`;\n                });\n                card.innerHTML = titleHtml + descHtml;\n                gridContainer.appendChild(card);\n            }\n            changeLanguageUI(currentLang);\n        }<\/p>\n<p>        function changeLanguageUI(lang) {\n            container.querySelectorAll('[data-lang]').forEach(el => {\n                el.style.display = (el.dataset.lang === lang) ? 'block' : 'none';\n            });\n        }<\/p>\n<p>        return {\n            init: function() {\n                if (!container.hasAttribute('data-initialized')) {\n                    container.setAttribute('data-initialized', 'true');\n                    render();\n                    this.changeLanguage('en');\n                }\n            },\n            changeLanguage: function(lang) {\n                currentLang = lang;\n                container.querySelectorAll('.language-switcher-container button').forEach(btn => btn.classList.remove('active'));\n                container.querySelector(`#lang-${lang}-main`).classList.add('active');\n                changeLanguageUI(lang);\n            }\n        };\n    })();<\/p>\n<p>    document.addEventListener('DOMContentLoaded', () => landingPageApp.init());\n    if (document.readyState === \"complete\" || document.readyState === \"interactive\") { landingPageApp.init(); }\n    <\/script>\n<\/div>\n<p><!-- End of ThailawOnline Civil Code Block --><\/p>\n","protected":false},"excerpt":{"rendered":"<p>Thailand Commercial and Civil Code English \u0e44\u0e17\u0e22 Fran\u00e7ais The Civil and Commercial Code of Thailand \u0e1b\u0e23\u0e30\u0e21\u0e27\u0e25\u0e01\u0e0e\u0e2b\u0e21\u0e32\u0e22\u0e41\u0e1e\u0e48\u0e07\u0e41\u0e25\u0e30\u0e1e\u0e32\u0e13\u0e34\u0e0a\u0e22\u0e4c\u0e41\u0e2b\u0e48\u0e07\u0e1b\u0e23\u0e30\u0e40\u0e17\u0e28\u0e44\u0e17\u0e22 Code Civil et Commercial [&hellip;]<\/p>\n","protected":false},"author":0,"featured_media":485,"parent":0,"menu_order":0,"comment_status":"closed","ping_status":"closed","template":"","meta":{"site-sidebar-layout":"default","site-content-layout":"","ast-site-content-layout":"default","site-content-style":"default","site-sidebar-style":"default","ast-global-header-display":"","ast-banner-title-visibility":"","ast-main-header-display":"","ast-hfb-above-header-display":"","ast-hfb-below-header-display":"","ast-hfb-mobile-header-display":"","site-post-title":"","ast-breadcrumbs-content":"","ast-featured-img":"","footer-sml-layout":"","ast-disable-related-posts":"","theme-transparent-header-meta":"","adv-header-id-meta":"","stick-header-meta":"","header-above-stick-meta":"","header-main-stick-meta":"","header-below-stick-meta":"","astra-migrate-meta-layouts":"default","ast-page-background-enabled":"default","ast-page-background-meta":{"desktop":{"background-color":"var(--ast-global-color-5)","background-image":"","background-repeat":"repeat","background-position":"center center","background-size":"auto","background-attachment":"scroll","background-type":"","background-media":"","overlay-type":"","overlay-color":"","overlay-opacity":"","overlay-gradient":""},"tablet":{"background-color":"","background-image":"","background-repeat":"repeat","background-position":"center center","background-size":"auto","background-attachment":"scroll","background-type":"","background-media":"","overlay-type":"","overlay-color":"","overlay-opacity":"","overlay-gradient":""},"mobile":{"background-color":"","background-image":"","background-repeat":"repeat","background-position":"center center","background-size":"auto","background-attachment":"scroll","background-type":"","background-media":"","overlay-type":"","overlay-color":"","overlay-opacity":"","overlay-gradient":""}},"ast-content-background-meta":{"desktop":{"background-color":"var(--ast-global-color-4)","background-image":"","background-repeat":"repeat","background-position":"center center","background-size":"auto","background-attachment":"scroll","background-type":"","background-media":"","overlay-type":"","overlay-color":"","overlay-opacity":"","overlay-gradient":""},"tablet":{"background-color":"var(--ast-global-color-4)","background-image":"","background-repeat":"repeat","background-position":"center center","background-size":"auto","background-attachment":"scroll","background-type":"","background-media":"","overlay-type":"","overlay-color":"","overlay-opacity":"","overlay-gradient":""},"mobile":{"background-color":"var(--ast-global-color-4)","background-image":"","background-repeat":"repeat","background-position":"center center","background-size":"auto","background-attachment":"scroll","background-type":"","background-media":"","overlay-type":"","overlay-color":"","overlay-opacity":"","overlay-gradient":""}},"footnotes":""},"class_list":["post-274","page","type-page","status-publish","has-post-thumbnail","hentry"],"_links":{"self":[{"href":"https:\/\/www.thailawonline.com\/th\/wp-json\/wp\/v2\/pages\/274","targetHints":{"allow":["GET"]}}],"collection":[{"href":"https:\/\/www.thailawonline.com\/th\/wp-json\/wp\/v2\/pages"}],"about":[{"href":"https:\/\/www.thailawonline.com\/th\/wp-json\/wp\/v2\/types\/page"}],"replies":[{"embeddable":true,"href":"https:\/\/www.thailawonline.com\/th\/wp-json\/wp\/v2\/comments?post=274"}],"version-history":[{"count":2,"href":"https:\/\/www.thailawonline.com\/th\/wp-json\/wp\/v2\/pages\/274\/revisions"}],"predecessor-version":[{"id":1145,"href":"https:\/\/www.thailawonline.com\/th\/wp-json\/wp\/v2\/pages\/274\/revisions\/1145"}],"wp:featuredmedia":[{"embeddable":true,"href":"https:\/\/www.thailawonline.com\/th\/wp-json\/wp\/v2\/media\/485"}],"wp:attachment":[{"href":"https:\/\/www.thailawonline.com\/th\/wp-json\/wp\/v2\/media?parent=274"}],"curies":[{"name":"\u0e14\u0e31\u0e1a\u0e40\u0e1a\u0e34\u0e25\u0e22\u0e39\u0e1e\u0e35","href":"https:\/\/api.w.org\/{rel}","templated":true}]}}